{"id":10,"date":"2025-01-07T16:37:10","date_gmt":"2025-01-07T16:37:10","guid":{"rendered":"https:\/\/fortemstaging.co.uk\/swduk-dev\/?page_id=10"},"modified":"2025-01-10T08:50:32","modified_gmt":"2025-01-10T08:50:32","slug":"home","status":"publish","type":"page","link":"https:\/\/fortemstaging.co.uk\/swduk-dev\/","title":{"rendered":"Begin"},"content":{"rendered":"<div id=\"pl-10\"  class=\"panel-layout\" ><div id=\"pg-10-0\"  class=\"panel-grid panel-no-style\" ><div id=\"pgc-10-0-0\"  class=\"panel-grid-cell\" ><div id=\"panel-10-0-0-0\" class=\"so-panel widget widget_sow-editor panel-first-child panel-last-child\" data-index=\"0\" ><div class=\"homepagetopparagraph panel-widget-style panel-widget-style-for-10-0-0-0\" ><div\n\t\t\t\n\t\t\tclass=\"so-widget-sow-editor so-widget-sow-editor-base\"\n\t\t\t\n\t\t>\n<div class=\"siteorigin-widget-tinymce textwidget\">\n\t<h2 style=\"text-align: center;\">\u2018Ik help je om een betere manier te vinden,<br \/>\neen manier die het beste werkt en bij je past.\u2019<\/h2>\n<\/div>\n<\/div><\/div><\/div><\/div><\/div><div id=\"pg-10-1\"  class=\"panel-grid panel-no-style\" ><div id=\"pgc-10-1-0\"  class=\"panel-grid-cell\" ><div id=\"panel-10-1-0-0\" class=\"so-panel widget widget_sow-image panel-first-child panel-last-child\" data-index=\"1\" ><div\n\t\t\t\n\t\t\tclass=\"so-widget-sow-image so-widget-sow-image-default-8b5b6f678277-10\"\n\t\t\t\n\t\t>\n\n<div class=\"sow-image-container\">\n\t\t<img loading=\"lazy\" decoding=\"async\" src=\"https:\/\/fortemstaging.co.uk\/swduk-dev\/wp-content\/uploads\/2025\/01\/sandy-1.webp\" width=\"1070\" height=\"1258\" srcset=\"https:\/\/fortemstaging.co.uk\/swduk-dev\/wp-content\/uploads\/2025\/01\/sandy-1.webp 1070w, https:\/\/fortemstaging.co.uk\/swduk-dev\/wp-content\/uploads\/2025\/01\/sandy-1-255x300.webp 255w, https:\/\/fortemstaging.co.uk\/swduk-dev\/wp-content\/uploads\/2025\/01\/sandy-1-871x1024.webp 871w, https:\/\/fortemstaging.co.uk\/swduk-dev\/wp-content\/uploads\/2025\/01\/sandy-1-768x903.webp 768w\" sizes=\"auto, (max-width: 1070px) 100vw, 1070px\" title=\"Sandy\" alt=\"Sandy\" \t\tclass=\"so-widget-image\"\/>\n\t<\/div>\n\n<\/div><\/div><\/div><div id=\"pgc-10-1-1\"  class=\"panel-grid-cell\" ><div id=\"panel-10-1-1-0\" class=\"so-panel widget widget_sow-editor panel-first-child\" data-index=\"2\" ><div\n\t\t\t\n\t\t\tclass=\"so-widget-sow-editor so-widget-sow-editor-base\"\n\t\t\t\n\t\t>\n<div class=\"siteorigin-widget-tinymce textwidget\">\n\t<p>Tegenwoordig is het leven gevuld met zoveel afleidingen, waaronder onze gedachten, gevoelens en reacties. Voeg die van onze familie, vrienden, relaties en werk toe, en in plaats van de tijd te nemen om hiermee om te gaan, prioriteiten te stellen of een oplossing te vinden, lijkt het makkelijker om zo lang mogelijk door te blijven gaan, totdat het niet meer gaat.<\/p>\n<\/div>\n<\/div><\/div><div id=\"panel-10-1-1-1\" class=\"so-panel widget widget_sow-editor\" data-index=\"3\" ><div class=\"quotepanel panel-widget-style panel-widget-style-for-10-1-1-1\" ><div\n\t\t\t\n\t\t\tclass=\"so-widget-sow-editor so-widget-sow-editor-base\"\n\t\t\t\n\t\t>\n<div class=\"siteorigin-widget-tinymce textwidget\">\n\t<p>\u2018Jou ondersteunen bij het cre\u00ebren van orde, prioriteiten stellen, het cre\u00ebren van strategie\u00ebn, en jou helpen bij het aanpakken van ongewenste gevoelens die je weerhouden om je beste zelf te zijn.\u2019<\/p>\n<\/div>\n<\/div><\/div><\/div><div id=\"panel-10-1-1-2\" class=\"so-panel widget widget_sow-editor panel-last-child\" data-index=\"4\" ><div\n\t\t\t\n\t\t\tclass=\"so-widget-sow-editor so-widget-sow-editor-base\"\n\t\t\t\n\t\t>\n<div class=\"siteorigin-widget-tinymce textwidget\">\n\t<p>Counseling kan helpen om jouw fysieke, mentale en emotionele lasten te verlichten, waardoor je beter voor jezelf kunt zorgen en tegelijkertijd jouw algehele welzijn kan verbeteren. De resultaten die je kan ervaren, zijn meer energie, zelfrespect, helderheid en inspiratie, waardoor het gemakkelijker wordt om, misschien voor het eerst, hetgeen te bereiken wat jij echt wilt in jouw leven.<\/p>\n<p>Jezelf een prioriteit maken is een belangrijke eerste stap voor het cre\u00ebren van de verandering die jij zoekt. Door jou de controle te geven om te kiezen waar we samen aan zullen werken, zorgen we ervoor dat onze gesprekken aan jouw specifieke behoeften voldoen.<\/p>\n<\/div>\n<\/div><\/div><\/div><\/div><div id=\"pg-10-2\"  class=\"panel-grid panel-no-style\" ><div id=\"pgc-10-2-0\"  class=\"panel-grid-cell\" ><div id=\"panel-10-2-0-0\" class=\"so-panel widget widget_so-premium-mirror-widget panel-first-child panel-last-child\" data-index=\"5\" ><div\n\t\t\t\n\t\t\tclass=\"so-widget-so-premium-mirror-widget so-widget-so-premium-mirror-widget-default-d75171398898-10\"\n\t\t\t\n\t\t><div id=\"pl-w6a06735627768\"  class=\"panel-layout\" ><div id=\"pg-w6a06735627768-0\"  class=\"panel-grid panel-has-style\" ><div class=\"signoff siteorigin-panels-stretch panel-row-style panel-row-style-for-w6a06735627768-0\" data-stretch-type=\"full\" ><div id=\"pgc-w6a06735627768-0-0\"  class=\"panel-grid-cell\" ><div id=\"panel-w6a06735627768-0-0-0\" class=\"so-panel widget widget_sow-editor panel-first-child panel-last-child\" data-index=\"0\" ><div\n\t\t\t\n\t\t\tclass=\"so-widget-sow-editor so-widget-sow-editor-base\"\n\t\t\t\n\t\t>\n<div class=\"siteorigin-widget-tinymce textwidget\">\n\t<h3 style=\"text-align: center;\">Stuur me jouw vragen of boek een gratis en vrijblijvend gesprek van 45 minuten <a href=\"https:\/\/fortemstaging.co.uk\/swduk-dev\/contact\/\">hier<\/a>.<\/h3>\n<\/div>\n<\/div><\/div><\/div><\/div><\/div><div id=\"pg-w6a06735627768-1\"  class=\"panel-grid panel-has-style\" ><div class=\"greypanel siteorigin-panels-stretch panel-row-style panel-row-style-for-w6a06735627768-1\" data-stretch-type=\"full\" ><div id=\"pgc-w6a06735627768-1-0\"  class=\"panel-grid-cell\" ><div id=\"panel-w6a06735627768-1-0-0\" class=\"so-panel widget widget_sow-image panel-first-child panel-last-child\" data-index=\"1\" ><div\n\t\t\t\n\t\t\tclass=\"so-widget-sow-image so-widget-sow-image-default-c67d20f9f743-10\"\n\t\t\t\n\t\t>\n\n<div class=\"sow-image-container\">\n\t\t<img loading=\"lazy\" decoding=\"async\" src=\"https:\/\/fortemstaging.co.uk\/swduk-dev\/wp-content\/uploads\/2025\/01\/Accreditation-logos.webp\" width=\"2138\" height=\"196\" srcset=\"https:\/\/fortemstaging.co.uk\/swduk-dev\/wp-content\/uploads\/2025\/01\/Accreditation-logos.webp 2138w, https:\/\/fortemstaging.co.uk\/swduk-dev\/wp-content\/uploads\/2025\/01\/Accreditation-logos-300x28.webp 300w, https:\/\/fortemstaging.co.uk\/swduk-dev\/wp-content\/uploads\/2025\/01\/Accreditation-logos-1024x94.webp 1024w, https:\/\/fortemstaging.co.uk\/swduk-dev\/wp-content\/uploads\/2025\/01\/Accreditation-logos-768x70.webp 768w, https:\/\/fortemstaging.co.uk\/swduk-dev\/wp-content\/uploads\/2025\/01\/Accreditation-logos-1536x141.webp 1536w, https:\/\/fortemstaging.co.uk\/swduk-dev\/wp-content\/uploads\/2025\/01\/Accreditation-logos-2048x188.webp 2048w, https:\/\/fortemstaging.co.uk\/swduk-dev\/wp-content\/uploads\/2025\/01\/Accreditation-logos-500x46.webp 500w\" sizes=\"auto, (max-width: 2138px) 100vw, 2138px\" title=\"Accreditation Logos\" alt=\"Accreditation Logos\" \t\tclass=\"so-widget-image\"\/>\n\t<\/div>\n\n<\/div><\/div><\/div><\/div><\/div><\/div><\/div><\/div><\/div><\/div><\/div>","protected":false},"excerpt":{"rendered":"<p>\u2018Ik help je om een betere manier te vinden, een manier die het beste werkt en bij je past.\u2019 Tegenwoordig is het leven gevuld met zoveel afleidingen, waaronder onze gedachten, gevoelens en reacties. Voeg die van onze familie, vrienden, relaties &hellip; <a href=\"https:\/\/fortemstaging.co.uk\/swduk-dev\/\">Continue reading <span class=\"meta-nav\">&rarr;<\/span><\/a><\/p>\n","protected":false},"author":1,"featured_media":0,"parent":0,"menu_order":0,"comment_status":"closed","ping_status":"closed","template":"","meta":{"footnotes":""},"class_list":["post-10","page","type-page","status-publish","hentry"],"_links":{"self":[{"href":"https:\/\/fortemstaging.co.uk\/swduk-dev\/wp-json\/wp\/v2\/pages\/10","targetHints":{"allow":["GET"]}}],"collection":[{"href":"https:\/\/fortemstaging.co.uk\/swduk-dev\/wp-json\/wp\/v2\/pages"}],"about":[{"href":"https:\/\/fortemstaging.co.uk\/swduk-dev\/wp-json\/wp\/v2\/types\/page"}],"author":[{"embeddable":true,"href":"https:\/\/fortemstaging.co.uk\/swduk-dev\/wp-json\/wp\/v2\/users\/1"}],"replies":[{"embeddable":true,"href":"https:\/\/fortemstaging.co.uk\/swduk-dev\/wp-json\/wp\/v2\/comments?post=10"}],"version-history":[{"count":20,"href":"https:\/\/fortemstaging.co.uk\/swduk-dev\/wp-json\/wp\/v2\/pages\/10\/revisions"}],"predecessor-version":[{"id":168,"href":"https:\/\/fortemstaging.co.uk\/swduk-dev\/wp-json\/wp\/v2\/pages\/10\/revisions\/168"}],"wp:attachment":[{"href":"https:\/\/fortemstaging.co.uk\/swduk-dev\/wp-json\/wp\/v2\/media?parent=10"}],"curies":[{"name":"wp","href":"https:\/\/api.w.org\/{rel}","templated":true}]}}