{"id":14,"date":"2025-01-07T16:37:42","date_gmt":"2025-01-07T16:37:42","guid":{"rendered":"https:\/\/fortemstaging.co.uk\/swduk-dev\/?page_id=14"},"modified":"2025-01-09T14:39:17","modified_gmt":"2025-01-09T14:39:17","slug":"diensten","status":"publish","type":"page","link":"https:\/\/fortemstaging.co.uk\/swduk-dev\/diensten\/","title":{"rendered":"Diensten"},"content":{"rendered":"<div id=\"pl-14\"  class=\"panel-layout\" ><div id=\"pg-14-0\"  class=\"panel-grid panel-no-style\" ><div id=\"pgc-14-0-0\"  class=\"panel-grid-cell\" ><div id=\"panel-14-0-0-0\" class=\"so-panel widget widget_sow-editor panel-first-child panel-last-child\" data-index=\"0\" ><div\n\t\t\t\n\t\t\tclass=\"so-widget-sow-editor so-widget-sow-editor-base\"\n\t\t\t\n\t\t>\n<div class=\"siteorigin-widget-tinymce textwidget\">\n\t<h1>Counselling voor individuen<\/h1>\n<p>Het is belangrijk dat je op je gemak voelt om jouw ervaringen te delen en hetgeen waar je hulp bij nodig hebt aan te kaarten.<\/p>\n<p>Wanneer iets in je leven meer van je vraagt dan je aankan, kan het raadplegen van een counsellor je helpen om je probleem aan te pakken, persoonlijke groei te ervaren en kennis en tools te bieden die je nodig hebt om problemen in de toekomst zelf op te lossen.<\/p>\n<\/div>\n<\/div><\/div><\/div><div id=\"pgc-14-0-1\"  class=\"panel-grid-cell\" ><div id=\"panel-14-0-1-0\" class=\"so-panel widget widget_sow-image panel-first-child panel-last-child\" data-index=\"1\" ><div\n\t\t\t\n\t\t\tclass=\"so-widget-sow-image so-widget-sow-image-default-8b5b6f678277-14\"\n\t\t\t\n\t\t>\n\n<div class=\"sow-image-container\">\n\t\t<img loading=\"lazy\" decoding=\"async\" src=\"https:\/\/fortemstaging.co.uk\/swduk-dev\/wp-content\/uploads\/2025\/01\/counselling1.webp\" width=\"1070\" height=\"657\" srcset=\"https:\/\/fortemstaging.co.uk\/swduk-dev\/wp-content\/uploads\/2025\/01\/counselling1.webp 1070w, https:\/\/fortemstaging.co.uk\/swduk-dev\/wp-content\/uploads\/2025\/01\/counselling1-300x184.webp 300w, https:\/\/fortemstaging.co.uk\/swduk-dev\/wp-content\/uploads\/2025\/01\/counselling1-1024x629.webp 1024w, https:\/\/fortemstaging.co.uk\/swduk-dev\/wp-content\/uploads\/2025\/01\/counselling1-768x472.webp 768w, https:\/\/fortemstaging.co.uk\/swduk-dev\/wp-content\/uploads\/2025\/01\/counselling1-489x300.webp 489w\" sizes=\"auto, (max-width: 1070px) 100vw, 1070px\" title=\"Counselling1\" alt=\"Counselling1\" \t\tclass=\"so-widget-image\"\/>\n\t<\/div>\n\n<\/div><\/div><\/div><\/div><div id=\"pg-14-1\"  class=\"panel-grid panel-no-style\" ><div id=\"pgc-14-1-0\"  class=\"panel-grid-cell\" ><div id=\"panel-14-1-0-0\" class=\"so-panel widget widget_sow-image panel-first-child panel-last-child\" data-index=\"2\" ><div\n\t\t\t\n\t\t\tclass=\"so-widget-sow-image so-widget-sow-image-default-8b5b6f678277-14\"\n\t\t\t\n\t\t>\n\n<div class=\"sow-image-container\">\n\t\t<img loading=\"lazy\" decoding=\"async\" src=\"https:\/\/fortemstaging.co.uk\/swduk-dev\/wp-content\/uploads\/2025\/01\/counselling2.webp\" width=\"1070\" height=\"816\" srcset=\"https:\/\/fortemstaging.co.uk\/swduk-dev\/wp-content\/uploads\/2025\/01\/counselling2.webp 1070w, https:\/\/fortemstaging.co.uk\/swduk-dev\/wp-content\/uploads\/2025\/01\/counselling2-300x229.webp 300w, https:\/\/fortemstaging.co.uk\/swduk-dev\/wp-content\/uploads\/2025\/01\/counselling2-1024x781.webp 1024w, https:\/\/fortemstaging.co.uk\/swduk-dev\/wp-content\/uploads\/2025\/01\/counselling2-768x586.webp 768w, https:\/\/fortemstaging.co.uk\/swduk-dev\/wp-content\/uploads\/2025\/01\/counselling2-393x300.webp 393w\" sizes=\"auto, (max-width: 1070px) 100vw, 1070px\" title=\"Counselling2\" alt=\"Counselling2\" \t\tclass=\"so-widget-image\"\/>\n\t<\/div>\n\n<\/div><\/div><\/div><div id=\"pgc-14-1-1\"  class=\"panel-grid-cell\" ><div id=\"panel-14-1-1-0\" class=\"so-panel widget widget_sow-editor panel-first-child panel-last-child\" data-index=\"3\" ><div\n\t\t\t\n\t\t\tclass=\"so-widget-sow-editor so-widget-sow-editor-base\"\n\t\t\t\n\t\t>\n<div class=\"siteorigin-widget-tinymce textwidget\">\n\t<h4>Counselling voor koppels<\/h4>\n<p>Voordat je een koppel met iemand was geworden, was en ben je nog steeds een individu. Vaak neem je onbewust gewoontes, ervaringen en reacties mee die niets te maken hebben met je huidige relatie, en dit kan soms problemen veroorzaken. Het kan zijn dat je relatie jou nieuwe ervaringen heeft gebracht die zorgen voor onzekerheid en die je laten twijfelen aan jezelf en wat de beste manier is om de kwesties met je partner aan te pakken.<\/p>\n<p>Counselling gaat altijd over het individu, en als je op zoek bent naar verandering voor jezelf, zouden we in eerste instantie \u00e9\u00e9n-op-\u00e9\u00e9n samenwerken. Als je partner ook ge\u00efnteresseerd is in verandering, zou ik apart met hem of haar kunnen werken. En als het wederzijds goed uitkomt, kunnen we altijd een of meer groepssessies samen regelen.<\/p>\n<\/div>\n<\/div><\/div><\/div><\/div><div id=\"pg-14-2\"  class=\"panel-grid panel-no-style\" ><div id=\"pgc-14-2-0\"  class=\"panel-grid-cell\" ><div id=\"panel-14-2-0-0\" class=\"so-panel widget widget_sow-editor panel-first-child panel-last-child\" data-index=\"4\" ><div class=\"greenpanel panel-widget-style panel-widget-style-for-14-2-0-0\" ><div\n\t\t\t\n\t\t\tclass=\"so-widget-sow-editor so-widget-sow-editor-base\"\n\t\t\t\n\t\t>\n<div class=\"siteorigin-widget-tinymce textwidget\">\n\t<h2>In dit geval kan counseling nuttig zijn voor het overwinnen, reduceren of verbeteren van jezelf als individu of in je relatie.<\/h2>\n<ul>\n<li>Relaties kunnen geweldig zijn; ze kunnen ook ingewikkeld zijn. Dit komt vooral omdat het om twee individuen gaat, ieder met eigen ervaringen, gevoelens, reacties en verwachtingen. Dit omvat romantische relaties, familie, kinderen, collega\u2019s of vrienden.<\/li>\n<li>Counseling kan je helpen om allereerst een betere relatie met jezelf op te bouwen. Door tijd en energie in jezelf te investeren en zelf het werk te doen, zal je perspectief op jezelf en de wereld om je heen veranderen. Wanneer je je wensen, behoeften en waarden begint te begrijpen, kun je ook leren hoe je effectief kan communiceren en je grenzen kan handhaven met anderen. Het gecombineerde effect van actie ondernemen en consistent zijn, zal je helpen om helderheid te krijgen, te begrijpen waarom jij voelt zoals je voelt, te weten wat goed voor je is, je zelfvertrouwen te verbeteren en je voort te bewegen naar het bereiken van je gewenste resultaten. Je beslist zelf of er andere veranderingen zijn die je in jouw leven wilt doorvoeren en in de toekomst ben je niet langer afhankelijk van de mening of goedkeuring van anderen bij het nemen van eigen beslissingen.<\/li>\n<\/ul>\n<\/div>\n<\/div><\/div><\/div><\/div><\/div><div id=\"pg-14-3\"  class=\"panel-grid panel-no-style\" ><div id=\"pgc-14-3-0\"  class=\"panel-grid-cell\" ><div id=\"panel-14-3-0-0\" class=\"so-panel widget widget_sow-image panel-first-child panel-last-child\" data-index=\"5\" ><div\n\t\t\t\n\t\t\tclass=\"so-widget-sow-image so-widget-sow-image-default-8b5b6f678277-14\"\n\t\t\t\n\t\t>\n\n<div class=\"sow-image-container\">\n\t\t<img loading=\"lazy\" decoding=\"async\" src=\"https:\/\/fortemstaging.co.uk\/swduk-dev\/wp-content\/uploads\/2025\/01\/counselling3.webp\" width=\"693\" height=\"1014\" srcset=\"https:\/\/fortemstaging.co.uk\/swduk-dev\/wp-content\/uploads\/2025\/01\/counselling3.webp 693w, https:\/\/fortemstaging.co.uk\/swduk-dev\/wp-content\/uploads\/2025\/01\/counselling3-205x300.webp 205w\" sizes=\"auto, (max-width: 693px) 100vw, 693px\" title=\"Counselling3\" alt=\"Counselling3\" \t\tclass=\"so-widget-image\"\/>\n\t<\/div>\n\n<\/div><\/div><\/div><div id=\"pgc-14-3-1\"  class=\"panel-grid-cell\" ><div id=\"panel-14-3-1-0\" class=\"so-panel widget widget_sow-editor panel-first-child panel-last-child\" data-index=\"6\" ><div\n\t\t\t\n\t\t\tclass=\"so-widget-sow-editor so-widget-sow-editor-base\"\n\t\t\t\n\t\t>\n<div class=\"siteorigin-widget-tinymce textwidget\">\n\t<h4>Counselling voor teams, groepen en organisaties<\/h4>\n<p>Met de achtergrondinformatie die je verstrekt over wat je wilt verbeteren of veranderen binnen jouw organisatie, kunnen we ons samen richten op het verbeteren van de mentale gezondheid en het welzijn van jullie werknemers, wat leidt tot een meer co\u00f6peratieve organisatie die als geheel kan functioneren. Dit kan leiden tot betere communicatie, meer veerkracht, minder absente\u00efsme, hogere productiviteit en minder verloop.<\/p>\n<p>Misschien is er onlangs een verandering in jouw organisatie geweest die een impact heeft gehad op de werknemers. Dit kan van invloed zijn op het moreel, de productie, het absente\u00efsme en de communicatie. Als het vertrouwen verloren is gegaan, kan een counselor als bemiddelaar tussen de organisatie en de werknemers optreden en met beiden samenwerken om een haalbare oplossing te vinden.<\/p>\n<p>Er kan sprake zijn van een toename van absente\u00efsme in de organisatie en je wilt actie ondernemen om de werknemers te ondersteunen en om de werkplek een plek te maken waar oplossingen gevonden kunnen worden. Of de reden voor absente\u00efsme nu persoonlijk of werkgerelateerd is, wanneer de werknemers beseffen dat je hen oplossingen biedt die ze tijdens hun werk kunnen ontdekken, of tijdens een lunchpauze of afspraak, zullen ze gemotiveerder zijn om door te werken en tegelijkertijd een oplossing te vinden.<\/p>\n<\/div>\n<\/div><\/div><\/div><\/div><div id=\"pg-14-4\"  class=\"panel-grid panel-no-style\" ><div id=\"pgc-14-4-0\"  class=\"panel-grid-cell\" ><div id=\"panel-14-4-0-0\" class=\"so-panel widget widget_sow-editor panel-first-child panel-last-child\" data-index=\"7\" ><div\n\t\t\t\n\t\t\tclass=\"so-widget-sow-editor so-widget-sow-editor-base\"\n\t\t\t\n\t\t>\n<div class=\"siteorigin-widget-tinymce textwidget\">\n\t<p>Wanneer je de motivatie, samenwerking en co\u00f6peratie in jouw organisatie wilt stimuleren of de relaties binnen een of meerdere teams wilt verbeteren, is dit iets dat na de werktijd of tijdens een teambuildingweekend kan worden gepland.<\/p>\n<\/div>\n<\/div><\/div><\/div><\/div><div id=\"pg-14-5\"  class=\"panel-grid panel-no-style\" ><div id=\"pgc-14-5-0\"  class=\"panel-grid-cell\" ><div id=\"panel-14-5-0-0\" class=\"so-panel widget widget_so-premium-mirror-widget panel-first-child panel-last-child\" data-index=\"8\" ><div\n\t\t\t\n\t\t\tclass=\"so-widget-so-premium-mirror-widget so-widget-so-premium-mirror-widget-default-d75171398898-14\"\n\t\t\t\n\t\t><div id=\"pl-w6a06753ce077b\"  class=\"panel-layout\" ><div id=\"pg-w6a06753ce077b-0\"  class=\"panel-grid panel-has-style\" ><div class=\"signoff siteorigin-panels-stretch panel-row-style panel-row-style-for-w6a06753ce077b-0\" data-stretch-type=\"full\" ><div id=\"pgc-w6a06753ce077b-0-0\"  class=\"panel-grid-cell\" ><div id=\"panel-w6a06753ce077b-0-0-0\" class=\"so-panel widget widget_sow-editor panel-first-child panel-last-child\" data-index=\"0\" ><div\n\t\t\t\n\t\t\tclass=\"so-widget-sow-editor so-widget-sow-editor-base\"\n\t\t\t\n\t\t>\n<div class=\"siteorigin-widget-tinymce textwidget\">\n\t<h3 style=\"text-align: center;\">Stuur me jouw vragen of boek een gratis en vrijblijvend gesprek van 45 minuten <a href=\"https:\/\/fortemstaging.co.uk\/swduk-dev\/contact\/\">hier<\/a>.<\/h3>\n<\/div>\n<\/div><\/div><\/div><\/div><\/div><div id=\"pg-w6a06753ce077b-1\"  class=\"panel-grid panel-has-style\" ><div class=\"greypanel siteorigin-panels-stretch panel-row-style panel-row-style-for-w6a06753ce077b-1\" data-stretch-type=\"full\" ><div id=\"pgc-w6a06753ce077b-1-0\"  class=\"panel-grid-cell\" ><div id=\"panel-w6a06753ce077b-1-0-0\" class=\"so-panel widget widget_sow-image panel-first-child panel-last-child\" data-index=\"1\" ><div\n\t\t\t\n\t\t\tclass=\"so-widget-sow-image so-widget-sow-image-default-c67d20f9f743-14\"\n\t\t\t\n\t\t>\n\n<div class=\"sow-image-container\">\n\t\t<img loading=\"lazy\" decoding=\"async\" src=\"https:\/\/fortemstaging.co.uk\/swduk-dev\/wp-content\/uploads\/2025\/01\/Accreditation-logos.webp\" width=\"2138\" height=\"196\" srcset=\"https:\/\/fortemstaging.co.uk\/swduk-dev\/wp-content\/uploads\/2025\/01\/Accreditation-logos.webp 2138w, https:\/\/fortemstaging.co.uk\/swduk-dev\/wp-content\/uploads\/2025\/01\/Accreditation-logos-300x28.webp 300w, https:\/\/fortemstaging.co.uk\/swduk-dev\/wp-content\/uploads\/2025\/01\/Accreditation-logos-1024x94.webp 1024w, https:\/\/fortemstaging.co.uk\/swduk-dev\/wp-content\/uploads\/2025\/01\/Accreditation-logos-768x70.webp 768w, https:\/\/fortemstaging.co.uk\/swduk-dev\/wp-content\/uploads\/2025\/01\/Accreditation-logos-1536x141.webp 1536w, https:\/\/fortemstaging.co.uk\/swduk-dev\/wp-content\/uploads\/2025\/01\/Accreditation-logos-2048x188.webp 2048w, https:\/\/fortemstaging.co.uk\/swduk-dev\/wp-content\/uploads\/2025\/01\/Accreditation-logos-500x46.webp 500w\" sizes=\"auto, (max-width: 2138px) 100vw, 2138px\" title=\"Accreditation Logos\" alt=\"Accreditation Logos\" \t\tclass=\"so-widget-image\"\/>\n\t<\/div>\n\n<\/div><\/div><\/div><\/div><\/div><\/div><\/div><\/div><\/div><\/div><\/div>","protected":false},"excerpt":{"rendered":"<p>Counselling voor individuen Het is belangrijk dat je op je gemak voelt om jouw ervaringen te delen en hetgeen waar je hulp bij nodig hebt aan te kaarten. Wanneer iets in je leven meer van je vraagt dan je aankan, &hellip; <a href=\"https:\/\/fortemstaging.co.uk\/swduk-dev\/diensten\/\">Continue reading <span class=\"meta-nav\">&rarr;<\/span><\/a><\/p>\n","protected":false},"author":1,"featured_media":0,"parent":0,"menu_order":0,"comment_status":"closed","ping_status":"closed","template":"","meta":{"footnotes":""},"class_list":["post-14","page","type-page","status-publish","hentry"],"_links":{"self":[{"href":"https:\/\/fortemstaging.co.uk\/swduk-dev\/wp-json\/wp\/v2\/pages\/14","targetHints":{"allow":["GET"]}}],"collection":[{"href":"https:\/\/fortemstaging.co.uk\/swduk-dev\/wp-json\/wp\/v2\/pages"}],"about":[{"href":"https:\/\/fortemstaging.co.uk\/swduk-dev\/wp-json\/wp\/v2\/types\/page"}],"author":[{"embeddable":true,"href":"https:\/\/fortemstaging.co.uk\/swduk-dev\/wp-json\/wp\/v2\/users\/1"}],"replies":[{"embeddable":true,"href":"https:\/\/fortemstaging.co.uk\/swduk-dev\/wp-json\/wp\/v2\/comments?post=14"}],"version-history":[{"count":11,"href":"https:\/\/fortemstaging.co.uk\/swduk-dev\/wp-json\/wp\/v2\/pages\/14\/revisions"}],"predecessor-version":[{"id":161,"href":"https:\/\/fortemstaging.co.uk\/swduk-dev\/wp-json\/wp\/v2\/pages\/14\/revisions\/161"}],"wp:attachment":[{"href":"https:\/\/fortemstaging.co.uk\/swduk-dev\/wp-json\/wp\/v2\/media?parent=14"}],"curies":[{"name":"wp","href":"https:\/\/api.w.org\/{rel}","templated":true}]}}